{"id":15246,"date":"2024-08-06T11:56:32","date_gmt":"2024-08-06T11:56:32","guid":{"rendered":"https:\/\/vpexpodubai.com\/?post_type=product&#038;p=15246"},"modified":"2025-08-12T11:54:08","modified_gmt":"2025-08-12T11:54:08","slug":"buhler-leybold-optics","status":"publish","type":"product","link":"https:\/\/vpexpodubai.com\/ar\/product\/buhler-leybold-optics\/","title":{"rendered":"B\u00fchler Leybold Optics"},"content":{"rendered":"","protected":false},"excerpt":{"rendered":"<h4><span style=\"color: #99cc00;\">\u0641\u064a\u062c\u0646 \u0628\u0644\u0633 \u0627\u0643\u0633\u0628\u0648 2024<\/span><\/h4>\n<h3>Booth #E01<\/h3>\n<div id=\"vbid-bfaa7ff1-rio8mdaw\" class=\"master item-box gallery-box style-bfaa7ff1-ps94ikva visible-section\" data-holder-type=\"gallery\" data-child-type=\"STYLE\" data-styleid=\"style-bfaa7ff1-ps94ikva\" data-preview-styleid=\"style-bfaa7ff1-ps94ikva\" data-preset-type-id=\"TEXT_BLOCK\">\n<div class=\"gallery-wrapper item-wrapper text_block-wrapper\">\n<div class=\"sub container style-bfaa7ff1-ps94ikva content flex\" data-itemtype=\"folder\" data-creator=\"\" data-itemname=\"LOADING Copy\" data-itemslug=\"loading-copy\" data-itemstyleid=\"style-bfaa7ff1-ps94ikva\" data-margintop=\"\" data-arranger=\"flex\" data-layout=\"multi\" data-vbid=\"vbid-bfaa7ff1-rio8mdaw\" data-preset-type-id=\"TEXT_BLOCK\" data-preview-style=\"style-bfaa7ff1-ps94ikva\" data-style=\"style-4e411-j0xhjgzynh\" data-absolute-path=\"\" data-slide-effect=\"SLIDE\" data-interval-id=\"17\">\n<div id=\"children\">\n<div id=\"items-holder-wrapper\">\n<div id=\"items-holder\">\n<div id=\"vbid-bfaa7ff1-slojsa0b\" class=\"sub item-box page-box style-bfaa7ff1-ps94ikva slide-1 play-effect\" data-holder-type=\"page\" data-child-type=\"SLIDE\" data-styleid=\"style-bfaa7ff1-ps94ikva\" data-preview-styleid=\"style-bfaa7ff1-ps94ikva\" data-preset-type-id=\"UNRESOLVED\" data-page-num=\"1\" data-visible=\"visible\">\n<div class=\"page-wrapper item-wrapper\">\n<div class=\"item-content leaf multi_layout page content -container\" data-self=\"vbid-bfaa7ff1-slojsa0b\" data-preview-style=\"style-bfaa7ff1-ps94ikva\" data-style=\"style-4e411-yq39oaomol\" data-orig-thumb-height=\"667\" data-orig-thumb-width=\"1000\" data-vbid=\"vbid-bfaa7ff1-slojsa0b\" data-bgimg=\"https:\/\/lh3.googleusercontent.com\/JAC52QXShNh7iFqx1-nNH-tEe5KLwvbM3aO_JuI_lu8P_9olGicb_dJ4JWw5kSwQL3go9DEgS2oicE4eLro\">\n<div class=\"multi-container preview image-cover\">\n<div class=\"Picture item-preview\">\n<div class=\"preview-image-holder\">\n<div class=\"helper-div middle-left\">\n<div class=\"text-side shrinker-parent\">\n<div class=\"vertical-aligner\">\n<div class=\"item-details preview-content-wrapper multi\">\n<div class=\"preview-body-holder removable-parent order-handle\">\n<div id=\"vbid-bfaa7ff1-y1lqrezj\" class=\"preview-element preview-body magic-circle-holder text-element quick-text-style-menu allow-mobile-hide\" data-menu-name=\"PREVIEW_BODY\">\n<p>Represented by:<strong> B\u00fchler DMCC<\/strong><\/p>\n<\/div>\n<h3>B\u00fchler Leybold Optics<\/h3>\n<p>With over 160 years of experience, B\u00fchler Leybold Optics is a leading supplier of thin-film vacuum coating technology. Our state-of-the-art solutions include semiconductor, precision or ophthalmic optics applications, the metalization of headlights for the automotive industry, architectural and automotive glass, and roll-to-roll substrates for capacitors or flexible electronics. All of our solutions are tailored to your specific market demands.<\/p>\n<\/div>\n<\/div>\n<\/div>\n<\/div>\n<\/div>\n<\/div>\n<\/div>\n<\/div>\n<\/div>\n<\/div>\n<\/div>\n<\/div>\n<\/div>\n<\/div>\n<\/div>\n<\/div>\n<\/div>","protected":false},"featured_media":16180,"template":"","meta":{"_uag_custom_page_level_css":"","site-sidebar-layout":"default","site-content-layout":"","ast-site-content-layout":"default","site-content-style":"default","site-sidebar-style":"default","ast-global-header-display":"","ast-banner-title-visibility":"","ast-main-header-display":"","ast-hfb-above-header-display":"","ast-hfb-below-header-display":"","ast-hfb-mobile-header-display":"","site-post-title":"","ast-breadcrumbs-content":"","ast-featured-img":"","footer-sml-layout":"","ast-disable-related-posts":"","theme-transparent-header-meta":"default","adv-header-id-meta":"","stick-header-meta":"","header-above-stick-meta":"","header-main-stick-meta":"","header-below-stick-meta":"","astra-migrate-meta-layouts":"set","ast-page-background-enabled":"default","ast-page-background-meta":{"desktop":{"background-color":"var(--ast-global-color-4)","background-image":"","background-repeat":"repeat","background-position":"center center","background-size":"auto","background-attachment":"scroll","background-type":"","background-media":"","overlay-type":"","overlay-color":"","overlay-opacity":"","overlay-gradient":""},"tablet":{"background-color":"","background-image":"","background-repeat":"repeat","background-position":"center center","background-size":"auto","background-attachment":"scroll","background-type":"","background-media":"","overlay-type":"","overlay-color":"","overlay-opacity":"","overlay-gradient":""},"mobile":{"background-color":"","background-image":"","background-repeat":"repeat","background-position":"center center","background-size":"auto","background-attachment":"scroll","background-type":"","background-media":"","overlay-type":"","overlay-color":"","overlay-opacity":"","overlay-gradient":""}},"ast-content-background-meta":{"desktop":{"background-color":"var(--ast-global-color-5)","background-image":"","background-repeat":"repeat","background-position":"center center","background-size":"auto","background-attachment":"scroll","background-type":"","background-media":"","overlay-type":"","overlay-color":"","overlay-opacity":"","overlay-gradient":""},"tablet":{"background-color":"var(--ast-global-color-5)","background-image":"","background-repeat":"repeat","background-position":"center center","background-size":"auto","background-attachment":"scroll","background-type":"","background-media":"","overlay-type":"","overlay-color":"","overlay-opacity":"","overlay-gradient":""},"mobile":{"background-color":"var(--ast-global-color-5)","background-image":"","background-repeat":"repeat","background-position":"center center","background-size":"auto","background-attachment":"scroll","background-type":"","background-media":"","overlay-type":"","overlay-color":"","overlay-opacity":"","overlay-gradient":""}},"wds_primary_product_brand":0,"wds_primary_product_cat":0},"product_brand":[],"product_cat":[32],"product_tag":[],"class_list":{"0":"post-15246","1":"product","2":"type-product","3":"status-publish","4":"has-post-thumbnail","6":"product_cat-instruments-equipment","7":"desktop-align-left","8":"tablet-align-left","9":"mobile-align-left","11":"first","12":"instock","13":"shipping-taxable","14":"product-type-simple"},"uagb_featured_image_src":{"full":["https:\/\/vpexpodubai.com\/wp-content\/uploads\/2024\/08\/Buhler-2.jpg",600,600,false],"thumbnail":["https:\/\/vpexpodubai.com\/wp-content\/uploads\/2024\/08\/Buhler-2-150x150.jpg",150,150,true],"medium":["https:\/\/vpexpodubai.com\/wp-content\/uploads\/2024\/08\/Buhler-2-300x300.jpg",300,300,true],"medium_large":["https:\/\/vpexpodubai.com\/wp-content\/uploads\/2024\/08\/Buhler-2.jpg",600,600,false],"large":["https:\/\/vpexpodubai.com\/wp-content\/uploads\/2024\/08\/Buhler-2.jpg",600,600,false],"1536x1536":["https:\/\/vpexpodubai.com\/wp-content\/uploads\/2024\/08\/Buhler-2.jpg",600,600,false],"2048x2048":["https:\/\/vpexpodubai.com\/wp-content\/uploads\/2024\/08\/Buhler-2.jpg",600,600,false],"trp-custom-language-flag":["https:\/\/vpexpodubai.com\/wp-content\/uploads\/2024\/08\/Buhler-2-12x12.jpg",12,12,true],"woocommerce_thumbnail":["https:\/\/vpexpodubai.com\/wp-content\/uploads\/2024\/08\/Buhler-2-300x300.jpg",300,300,true],"woocommerce_single":["https:\/\/vpexpodubai.com\/wp-content\/uploads\/2024\/08\/Buhler-2.jpg",600,600,false],"woocommerce_gallery_thumbnail":["https:\/\/vpexpodubai.com\/wp-content\/uploads\/2024\/08\/Buhler-2-100x100.jpg",100,100,true]},"uagb_author_info":{"display_name":"production","author_link":"https:\/\/vpexpodubai.com\/ar\/author\/"},"uagb_comment_info":0,"uagb_excerpt":"VisionPlus EXPO 2024 Booth #E01 Represented by: B\u00fchler DMCC B\u00fchler Leybold Optics With over 160 years of experience, B\u00fchler Leybold Optics is a leading supplier of thin-film vacuum coating technology. Our state-of-the-art solutions include semiconductor, precision or ophthalmic optics applications, the metalization of headlights for the automotive industry, architectural and automotive glass, and roll-to-roll substrates&hellip;","_links":{"self":[{"href":"https:\/\/vpexpodubai.com\/ar\/wp-json\/wp\/v2\/product\/15246","targetHints":{"allow":["GET"]}}],"collection":[{"href":"https:\/\/vpexpodubai.com\/ar\/wp-json\/wp\/v2\/product"}],"about":[{"href":"https:\/\/vpexpodubai.com\/ar\/wp-json\/wp\/v2\/types\/product"}],"wp:featuredmedia":[{"embeddable":true,"href":"https:\/\/vpexpodubai.com\/ar\/wp-json\/wp\/v2\/media\/16180"}],"wp:attachment":[{"href":"https:\/\/vpexpodubai.com\/ar\/wp-json\/wp\/v2\/media?parent=15246"}],"wp:term":[{"taxonomy":"product_brand","embeddable":true,"href":"https:\/\/vpexpodubai.com\/ar\/wp-json\/wp\/v2\/product_brand?post=15246"},{"taxonomy":"product_cat","embeddable":true,"href":"https:\/\/vpexpodubai.com\/ar\/wp-json\/wp\/v2\/product_cat?post=15246"},{"taxonomy":"product_tag","embeddable":true,"href":"https:\/\/vpexpodubai.com\/ar\/wp-json\/wp\/v2\/product_tag?post=15246"}],"curies":[{"name":"wp","href":"https:\/\/api.w.org\/{rel}","templated":true}]}}